{"id":1713,"date":"2023-10-30T10:07:14","date_gmt":"2023-10-30T10:07:14","guid":{"rendered":"https:\/\/www.hilab.pt\/new-home\/"},"modified":"2025-09-17T15:10:48","modified_gmt":"2025-09-17T15:10:48","slug":"new-home","status":"publish","type":"page","link":"https:\/\/www.hilab.pt\/tr\/","title":{"rendered":"New Home"},"content":{"rendered":"\n<style type=\"text\/css\" data-created_by=\"avia_inline_auto\" id=\"style-css-av-tosea-52d13d66240a42405c3905cedd534e38\">\n.avia-section.av-tosea-52d13d66240a42405c3905cedd534e38{\nbackground-color:#ededed;\nbackground-image:unset;\n}\n<\/style>\n<div id='av_section_1'  class='avia-section av-tosea-52d13d66240a42405c3905cedd534e38 main_color avia-section-default avia-no-border-styling  avia-builder-el-0  el_before_av_section  avia-builder-el-first  avia-bg-style-scroll container_wrap fullsize'  ><div class='container av-section-cont-open' ><main  role=\"main\" itemprop=\"mainContentOfPage\"  class='template-page content  av-content-full alpha units'><div class='post-entry post-entry-type-page post-entry-1713'><div class='entry-content-wrapper clearfix'>\n<div class='flex_column_table av-fyfbu-36db7a21231354ce9cbb00fda5f3c76c sc-av_one_full av-equal-height-column-flextable'>\n<style type=\"text\/css\" data-created_by=\"avia_inline_auto\" id=\"style-css-av-fyfbu-36db7a21231354ce9cbb00fda5f3c76c\">\n.flex_column.av-fyfbu-36db7a21231354ce9cbb00fda5f3c76c{\n-webkit-border-radius:20px 20px 20px 20px;\n-moz-border-radius:20px 20px 20px 20px;\nborder-radius:20px 20px 20px 20px;\npadding:0 0 0 0;\n}\n<\/style>\n<div class='flex_column av-fyfbu-36db7a21231354ce9cbb00fda5f3c76c av_one_full  avia-builder-el-1  avia-builder-el-no-sibling  first flex_column_table_cell av-equal-height-column av-align-middle av-zero-column-padding '     ><style type=\"text\/css\" data-created_by=\"avia_inline_auto\" id=\"style-css-av-lq4cgj7z-7f468eb2e4ea861c0126d0dbde150ef3\">\n#top .av_textblock_section.av-lq4cgj7z-7f468eb2e4ea861c0126d0dbde150ef3 .avia_textblock{\nfont-size:28px;\n}\n<\/style>\n<section  class='av_textblock_section av-lq4cgj7z-7f468eb2e4ea861c0126d0dbde150ef3'  itemscope=\"itemscope\" itemtype=\"https:\/\/schema.org\/CreativeWork\" ><div class='avia_textblock av_inherit_color'  itemprop=\"text\" ><p style=\"text-align: center;\"><strong>Fiziksel test ekipmanlar\u0131nda orta\u011f\u0131n\u0131z<br \/>\nderi, ayakkab\u0131, eldiven ve koruyucu giysiler.<\/strong><\/p>\n<\/div><\/section><br \/>\n\n<style type=\"text\/css\" data-created_by=\"avia_inline_auto\" id=\"style-css-av-ltrhdb2h-233ee19e2c24bf23cafa31b73ae22c1b\">\n#top .hr.hr-invisible.av-ltrhdb2h-233ee19e2c24bf23cafa31b73ae22c1b{\nheight:20px;\n}\n<\/style>\n<div  class='hr av-ltrhdb2h-233ee19e2c24bf23cafa31b73ae22c1b hr-invisible  avia-builder-el-3  el_after_av_textblock  avia-builder-el-last '><span class='hr-inner '><span class=\"hr-inner-style\"><\/span><\/span><\/div><\/p><\/div><\/div><!--close column table wrapper. Autoclose: 1 -->\n\n<\/div><\/div><\/main><!-- close content main element --><\/div><\/div>\n<style type=\"text\/css\" data-created_by=\"avia_inline_auto\" id=\"style-css-av-nodi2-eeeac321d4aa5b46430d8710df92bd25\">\n.avia-section.av-nodi2-eeeac321d4aa5b46430d8710df92bd25{\nbackground-color:#ededed;\nbackground:linear-gradient( to bottom, #ededed, #ffffff );\nmargin-top:-80px;\nmargin-bottom:0px;\n}\n<\/style>\n<div id='av_section_2'  class='avia-section av-nodi2-eeeac321d4aa5b46430d8710df92bd25 main_color avia-section-default avia-no-border-styling  avia-builder-el-4  el_after_av_section  avia-builder-el-last  avia-bg-style-scroll container_wrap fullsize'  ><div class='container av-section-cont-open' ><div class='template-page content  av-content-full alpha units'><div class='post-entry post-entry-type-page post-entry-1713'><div class='entry-content-wrapper clearfix'>\n<div class='flex_column_table av-eect6-c5cce649bda67a352883f4ef84870a16 sc-av_one_half av-equal-height-column-flextable'>\n<style type=\"text\/css\" data-created_by=\"avia_inline_auto\" id=\"style-css-av-eect6-c5cce649bda67a352883f4ef84870a16\">\n#top .flex_column_table.av-equal-height-column-flextable.av-eect6-c5cce649bda67a352883f4ef84870a16{\nmargin-top:0px;\nmargin-bottom:0px;\n}\n.flex_column.av-eect6-c5cce649bda67a352883f4ef84870a16{\nwidth:49.5%;\nmargin-left:0;\nborder-width:2px;\nborder-color:#ff3d3d;\nborder-style:solid;\n-webkit-border-radius:20px 20px 20px 20px;\n-moz-border-radius:20px 20px 20px 20px;\nborder-radius:20px 20px 20px 20px;\npadding:2% 2% 2% 2%;\n}\n#top .flex_column_table.av-equal-height-column-flextable.av-eect6-c5cce649bda67a352883f4ef84870a16 .av-flex-placeholder{\nwidth:1%;\n}\n<\/style>\n<div class='flex_column av-eect6-c5cce649bda67a352883f4ef84870a16 av_one_half  avia-builder-el-5  el_before_av_one_half  avia-builder-el-first  first flex_column_table_cell av-equal-height-column av-align-top '     ><p>\n<style type=\"text\/css\" data-created_by=\"avia_inline_auto\" id=\"style-css-av-lt507xpc-9a02690ec7590cb336373dc9be6ed041\">\n.avia-image-container.av-lt507xpc-9a02690ec7590cb336373dc9be6ed041 img.avia_image{\nbox-shadow:none;\n}\n.avia-image-container.av-lt507xpc-9a02690ec7590cb336373dc9be6ed041 .av-image-caption-overlay-center{\ncolor:#ffffff;\n}\n<\/style>\n<div  id=\"titulos\"  class='avia-image-container av-lt507xpc-9a02690ec7590cb336373dc9be6ed041 av-styling- avia-align-left  avia-builder-el-6  el_before_av_content_slider  avia-builder-el-first  titulos'   itemprop=\"image\" itemscope=\"itemscope\" itemtype=\"https:\/\/schema.org\/ImageObject\" ><div class=\"avia-image-container-inner\"><div class=\"avia-image-overlay-wrap\"><img decoding=\"async\" class='wp-image-2029 avia-img-lazy-loading-not-2029 avia_image ' src=\"https:\/\/www.hilab.pt\/wp-content\/uploads\/2025\/09\/Tiitulo-Highlights-tk.svg\" alt='' title='Tiitulo Highlights - tk'  height=\"300\" width=\"300\"  itemprop=\"thumbnailUrl\"  \/><\/div><\/div><\/div><br \/>\n<div  class='avia-content-slider-element-container av-ltc7psr8-b6a55b44d1f6bb5b5d5bc1439f09a344 avia-content-slider-element-slider avia-content-slider avia-smallarrow-slider avia-content-slider-active avia-content-slider-odd  avia-builder-el-7  el_after_av_image  avia-builder-el-last  av-slideshow-ui av-control-default av-nav-arrows-visible av-nav-dots-visible av-no-slider-navigation av-slideshow-manual av-loop-once av-loop-manual-endless avia-content-slider1' data-slideshow-options=\"{&quot;animation&quot;:&quot;slide&quot;,&quot;autoplay&quot;:false,&quot;loop_autoplay&quot;:&quot;once&quot;,&quot;interval&quot;:5,&quot;loop_manual&quot;:&quot;manual-endless&quot;,&quot;autoplay_stopper&quot;:false,&quot;noNavigation&quot;:false,&quot;bg_slider&quot;:false,&quot;keep_padding&quot;:&quot;&quot;,&quot;hoverpause&quot;:false,&quot;show_slide_delay&quot;:30}\"><div class='avia-smallarrow-slider-heading  no-content-slider-heading '><div class='new-special-heading'>&nbsp;<\/div><div class='avia-slideshow-arrows avia-slideshow-controls' ><a href='#prev' class='prev-slide ' aria-hidden='true' data-av_icon='\ue87c' data-av_iconfont='entypo-fontello'  tabindex='-1'>\u00d6nceki<\/a><a href='#next' class='next-slide ' aria-hidden='true' data-av_icon='\ue87d' data-av_iconfont='entypo-fontello'  tabindex='-1'>Sonraki<\/a><\/div><\/div><div class=\"avia-content-slider-inner\"><div class=\"slide-entry-wrap\"><section class='slide-entry av-ltc7pqoa-47d16b99060e6c5c1cfdaae30954f943 flex_column av_fullwidth post-entry slide-entry-overview slide-loop-1 slide-parity-odd  first'  itemscope=\"itemscope\" itemtype=\"https:\/\/schema.org\/CreativeWork\" ><h3 class='slide-entry-title entry-title '  itemprop=\"headline\" >YEN\u0130 \u015eOK EM\u0130C\u0130L\u0130K TEST C\u0130HAZI, model H034<\/h3><div class='slide-entry-excerpt entry-content'  itemprop=\"text\" ><p><em><strong>Ayakkab\u0131 tabanlar\u0131n\u0131n ve malzemelerinin veya montajlar\u0131n\u0131n \u015fok emme \u00f6zelliklerinin yeni ISO 25149; Satra TM142&#8217;ye g\u00f6re de\u011ferlendirilmesi ve ASTM F1976-24&#8217;e g\u00f6re \u00f6nceden haz\u0131rlanmas\u0131.<\/strong><\/em><\/p>\n<p>Ekipman, her standard\u0131n gerekliliklerine g\u00f6re test t\u00fcrlerinin yap\u0131land\u0131r\u0131lmas\u0131na ve yer de\u011fi\u015ftirme, zaman, kuvvet, enerji, yava\u015flama, enerji geri d\u00f6n\u00fc\u015f\u00fc, geri tepme y\u00fcksekli\u011fi ve test sonu\u00e7lar\u0131n\u0131n grafiksel olarak g\u00f6sterilmesine olanak tan\u0131yan \u00f6zel bir yaz\u0131l\u0131m \u00e7al\u0131\u015ft\u0131ran bir bilgisayar taraf\u0131ndan kontrol edilir. T\u00fcm testler, ileride analiz yap\u0131lmas\u0131na olanak tan\u0131yan bir veri taban\u0131nda saklan\u0131r.<br \/>\nYaz\u0131l\u0131m, testin otomatik olarak y\u00fcr\u00fct\u00fclmesini sa\u011flayan olduk\u00e7a etkile\u015fimli ve kullan\u0131m\u0131 kolay bir yaz\u0131l\u0131md\u0131r. Yaz\u0131l\u0131m, t\u00fcm hesaplamalar\u0131 ger\u00e7ekle\u015ftirir ve test spesifikasyonlar\u0131na g\u00f6re test sonu\u00e7lar\u0131n\u0131 otomatik olarak analiz ederek ge\u00e7er veya ge\u00e7er not al\u0131r.<\/p>\n<p><img decoding=\"async\" loading=\"lazy\" class=\"wp-image-2070 aligncenter\" src=\"https:\/\/www.hilab.pt\/wp-content\/uploads\/2025\/09\/H034.png\" alt=\"\" width=\"284\" height=\"580\" srcset=\"https:\/\/www.hilab.pt\/wp-content\/uploads\/2025\/09\/H034.png 1221w, https:\/\/www.hilab.pt\/wp-content\/uploads\/2025\/09\/H034-147x300.png 147w, https:\/\/www.hilab.pt\/wp-content\/uploads\/2025\/09\/H034-504x1030.png 504w, https:\/\/www.hilab.pt\/wp-content\/uploads\/2025\/09\/H034-768x1569.png 768w, https:\/\/www.hilab.pt\/wp-content\/uploads\/2025\/09\/H034-752x1536.png 752w, https:\/\/www.hilab.pt\/wp-content\/uploads\/2025\/09\/H034-1003x2048.png 1003w, https:\/\/www.hilab.pt\/wp-content\/uploads\/2025\/09\/H034-734x1500.png 734w, https:\/\/www.hilab.pt\/wp-content\/uploads\/2025\/09\/H034-345x705.png 345w\" sizes=\"(max-width: 284px) 100vw, 284px\" \/><\/p>\n<\/div><\/section><\/div><div class=\"slide-entry-wrap\"><section class='slide-entry av-ltc7pqoa-1-dd0ccea93348105902ffe1eefedea76f flex_column av_fullwidth post-entry slide-entry-overview slide-loop-2 slide-parity-odd  first'  itemscope=\"itemscope\" itemtype=\"https:\/\/schema.org\/CreativeWork\" ><h3 class='slide-entry-title entry-title '  itemprop=\"headline\" >\u201cBATA BELT\u201d Flexometer<\/h3><div class='slide-entry-excerpt entry-content'  itemprop=\"text\" ><p>Ayakkab\u0131, bile\u015fenleri ve d\u00f6\u015femeler aras\u0131ndaki s\u00fcrt\u00fcnme katsay\u0131s\u0131n\u0131 EN ISO 13287; EN ISO 24267; EN ISO 20344; ASTM F2913; SATRA TM144&#8217;e g\u00f6re de\u011ferlendirin<\/p>\n<p><img decoding=\"async\" loading=\"lazy\" class=\"wp-image-2074 aligncenter\" src=\"https:\/\/www.hilab.pt\/wp-content\/uploads\/2025\/09\/H080.jpg\" alt=\"\" width=\"511\" height=\"600\" srcset=\"https:\/\/www.hilab.pt\/wp-content\/uploads\/2025\/09\/H080.jpg 1209w, https:\/\/www.hilab.pt\/wp-content\/uploads\/2025\/09\/H080-256x300.jpg 256w, https:\/\/www.hilab.pt\/wp-content\/uploads\/2025\/09\/H080-878x1030.jpg 878w, https:\/\/www.hilab.pt\/wp-content\/uploads\/2025\/09\/H080-768x901.jpg 768w, https:\/\/www.hilab.pt\/wp-content\/uploads\/2025\/09\/H080-601x705.jpg 601w\" sizes=\"(max-width: 511px) 100vw, 511px\" \/><\/p>\n<\/div><\/section><\/div><div class=\"slide-entry-wrap\"><section class='slide-entry av-ltc7pqoa-2e36fde15743f8c2f89922e9fa57190b flex_column av_fullwidth post-entry slide-entry-overview slide-loop-3 slide-parity-odd  post-entry-last  first'  itemscope=\"itemscope\" itemtype=\"https:\/\/schema.org\/CreativeWork\" ><h3 class='slide-entry-title entry-title '  itemprop=\"headline\" ><a href='https:\/\/www.hilab.pt\/bennewart-flexometer\/'  title='\u201cBENNEWART\u201d Flexometer'>\u201cBENNEWART\u201d Flexometer<\/a><\/h3><div class='slide-entry-excerpt entry-content'  itemprop=\"text\" ><p>Purpose \u2013 <strong>Determine the resistance of footwear soles to cut growth during repeated flexing.<\/strong> It is also suitable to assess the effect of surface patterns, according to EN ISO 20344:8.6; ISO 17707.<\/p>\n<p><img decoding=\"async\" loading=\"lazy\" class=\"alignright size-full wp-image-1256\" src=\"https:\/\/www.hilab.pt\/wp-content\/uploads\/2024\/03\/Flexometer.jpg\" alt=\"\" width=\"1400\" height=\"1308\" srcset=\"https:\/\/www.hilab.pt\/wp-content\/uploads\/2024\/03\/Flexometer.jpg 1400w, https:\/\/www.hilab.pt\/wp-content\/uploads\/2024\/03\/Flexometer-300x280.jpg 300w, https:\/\/www.hilab.pt\/wp-content\/uploads\/2024\/03\/Flexometer-1030x962.jpg 1030w, https:\/\/www.hilab.pt\/wp-content\/uploads\/2024\/03\/Flexometer-768x718.jpg 768w, https:\/\/www.hilab.pt\/wp-content\/uploads\/2024\/03\/Flexometer-705x659.jpg 705w\" sizes=\"(max-width: 1400px) 100vw, 1400px\" \/><\/p>\n<\/div><\/section><\/div><\/div><\/div><\/p><\/div><div class='av-flex-placeholder'><\/div>\n<style type=\"text\/css\" data-created_by=\"avia_inline_auto\" id=\"style-css-av-dmsiy-951e660be15304c5455bdee182a5097d\">\n#top .flex_column_table.av-equal-height-column-flextable.av-dmsiy-951e660be15304c5455bdee182a5097d{\nmargin-top:0px;\nmargin-bottom:0px;\n}\n.flex_column.av-dmsiy-951e660be15304c5455bdee182a5097d{\nwidth:49.5%;\nmargin-left:0;\nborder-width:2px;\nborder-color:#ff3d3d;\nborder-style:solid;\n-webkit-border-radius:20px 20px 20px 20px;\n-moz-border-radius:20px 20px 20px 20px;\nborder-radius:20px 20px 20px 20px;\npadding:2% 2% 2% 2%;\n}\n#top .flex_column_table.av-equal-height-column-flextable.av-dmsiy-951e660be15304c5455bdee182a5097d .av-flex-placeholder{\nwidth:1%;\n}\n<\/style>\n<div class='flex_column av-dmsiy-951e660be15304c5455bdee182a5097d av_one_half  avia-builder-el-8  el_after_av_one_half  avia-builder-el-last  flex_column_table_cell av-equal-height-column av-align-top '     ><p>\n<style type=\"text\/css\" data-created_by=\"avia_inline_auto\" id=\"style-css-av-b9p96-525cc4f6918fbdae7823e6548ea3fed8\">\n.avia-image-container.av-b9p96-525cc4f6918fbdae7823e6548ea3fed8 img.avia_image{\nbox-shadow:none;\n}\n.avia-image-container.av-b9p96-525cc4f6918fbdae7823e6548ea3fed8 .av-image-caption-overlay-center{\ncolor:#ffffff;\n}\n<\/style>\n<div  id=\"titulos\"  class='avia-image-container av-b9p96-525cc4f6918fbdae7823e6548ea3fed8 av-styling- avia-align-left  avia-builder-el-9  el_before_av_hr  avia-builder-el-first  titulos'   itemprop=\"image\" itemscope=\"itemscope\" itemtype=\"https:\/\/schema.org\/ImageObject\" ><div class=\"avia-image-container-inner\"><div class=\"avia-image-overlay-wrap\"><img decoding=\"async\" class='wp-image-2031 avia-img-lazy-loading-not-2031 avia_image ' src=\"https:\/\/www.hilab.pt\/wp-content\/uploads\/2025\/09\/Tiitulo-News-tk.svg\" alt='' title='Tiitulo News - tk'  height=\"300\" width=\"300\"  itemprop=\"thumbnailUrl\"  \/><\/div><\/div><\/div><br \/>\n\n<style type=\"text\/css\" data-created_by=\"avia_inline_auto\" id=\"style-css-av-ltc92tby-836a90d51ab00f422bb6c6621b7d784b\">\n#top .hr.hr-invisible.av-ltc92tby-836a90d51ab00f422bb6c6621b7d784b{\nheight:50px;\n}\n<\/style>\n<div  class='hr av-ltc92tby-836a90d51ab00f422bb6c6621b7d784b hr-invisible  avia-builder-el-10  el_after_av_image  el_before_av_textblock '><span class='hr-inner '><span class=\"hr-inner-style\"><\/span><\/span><\/div><br \/>\n<section  class='av_textblock_section av-mfl0tbmo-ed5b6c8ff197c974b1b14b4567543035'  itemscope=\"itemscope\" itemtype=\"https:\/\/schema.org\/CreativeWork\" ><div class='avia_textblock'  itemprop=\"text\" ><h2>Simac Bronzla\u015fma Teknolojisi<\/h2>\n<p><strong><em>Ayakkab\u0131, deri \u00fcr\u00fcnleri ve tabaklama end\u00fcstrisine y\u00f6nelik makine ve teknolojilerin uluslararas\u0131 sergileri.<\/em><\/strong><\/p>\n<p>Bu \u00f6nemli fuar, 23-25 \u200b\u200bEyl\u00fcl tarihleri \u200b\u200baras\u0131nda \u0130talya&#8217;n\u0131n Milano kentinde ger\u00e7ekle\u015fecek.<br \/>\nHILAB, \u0130talya&#8217;daki temsilcimiz KYMERA, SRL&#8217;nin stand\u0131nda temsil edilecektir.<br \/>\nSizleri, test ekipmanlar\u0131m\u0131z hakk\u0131nda ihtiyac\u0131n\u0131z olan t\u00fcm bilgileri size sunabilece\u011fimiz 6. Salon, H32-K31 numaral\u0131 stand\u0131m\u0131za davet ediyoruz.<\/p>\n<\/div><\/section><br \/>\n\n<style type=\"text\/css\" data-created_by=\"avia_inline_auto\" id=\"style-css-av-924aa-992f5c181b0709ef6f495c134408af7a\">\n#top .hr.hr-invisible.av-924aa-992f5c181b0709ef6f495c134408af7a{\nheight:50px;\n}\n<\/style>\n<div  class='hr av-924aa-992f5c181b0709ef6f495c134408af7a hr-invisible  avia-builder-el-12  el_after_av_textblock  el_before_av_textblock '><span class='hr-inner '><span class=\"hr-inner-style\"><\/span><\/span><\/div><br \/>\n<section  class='av_textblock_section av-ltc92gtj-8195fd811b020b95d1ee292db5c98cc5'  itemscope=\"itemscope\" itemtype=\"https:\/\/schema.org\/CreativeWork\" ><div class='avia_textblock'  itemprop=\"text\" ><h2>HiLAB, T\u00fcrkiye&#8217;deki Varl\u0131\u011f\u0131n\u0131 Geli\u015fmi\u015f Test \u00c7\u00f6z\u00fcmleriyle G\u00fc\u00e7lendiriyor<\/h2>\n<p>K\u00fcresel geni\u015fleme do\u011frultusunda heyecan verici bir ad\u0131m atan HiLAB, T\u00fcrkiye pazar\u0131ndaki y\u00fcksek kaliteli, g\u00fcvenilir test \u00e7\u00f6z\u00fcmleri talebini kar\u015f\u0131lamak amac\u0131yla T\u00fcrkiye&#8217;deki varl\u0131\u011f\u0131n\u0131 \u00f6nemli \u00f6l\u00e7\u00fcde g\u00fc\u00e7lendiriyor. \u0130novasyona ve m\u00fckemmellik taahh\u00fcd\u00fcyle, HiLAB, T\u00fcrk \u00fcreticilerin \u00fcr\u00fcn dayan\u0131kl\u0131l\u0131\u011f\u0131n\u0131 ve g\u00fcvenli\u011fini art\u0131rmak i\u00e7in en iyi ara\u00e7lara eri\u015fimini sa\u011flayacak olan devletin en \u00fcst d\u00fczey test ekipmanlar\u0131n\u0131, \u00f6zellikle \u00fcnl\u00fc BATA ve BENNEWART fleksometrelerini sunmaya haz\u0131rlan\u0131yor.<\/p>\n<\/div><\/section><\/p><\/div><\/div><!--close column table wrapper. Autoclose: 1 -->\n","protected":false},"excerpt":{"rendered":"","protected":false},"author":1,"featured_media":0,"parent":0,"menu_order":8,"comment_status":"closed","ping_status":"closed","template":"","meta":{"inline_featured_image":false},"yoast_head":"<!-- This site is optimized with the Yoast SEO plugin v20.8 - https:\/\/yoast.com\/wordpress\/plugins\/seo\/ -->\n<title>New Home - HiLAB<\/title>\n<meta name=\"robots\" content=\"index, follow, max-snippet:-1, max-image-preview:large, max-video-preview:-1\" \/>\n<link rel=\"canonical\" href=\"https:\/\/www.hilab.pt\/tr\/new-home\/\" \/>\n<meta property=\"og:locale\" content=\"tr_TR\" \/>\n<meta property=\"og:type\" content=\"article\" \/>\n<meta property=\"og:title\" content=\"New Home - HiLAB\" \/>\n<meta property=\"og:url\" content=\"https:\/\/www.hilab.pt\/tr\/new-home\/\" \/>\n<meta property=\"og:site_name\" content=\"HiLAB\" \/>\n<meta property=\"article:modified_time\" content=\"2025-09-17T15:10:48+00:00\" \/>\n<meta property=\"og:image\" content=\"https:\/\/www.hilab.pt\/wp-content\/uploads\/2025\/09\/H034.png\" \/>\n<meta name=\"twitter:card\" content=\"summary_large_image\" \/>\n<meta name=\"twitter:label1\" content=\"Tahmini okuma s\u00fcresi\" \/>\n\t<meta name=\"twitter:data1\" content=\"6 dakika\" \/>\n<script type=\"application\/ld+json\" class=\"yoast-schema-graph\">{\"@context\":\"https:\/\/schema.org\",\"@graph\":[{\"@type\":\"WebPage\",\"@id\":\"https:\/\/www.hilab.pt\/tr\/new-home\/\",\"url\":\"https:\/\/www.hilab.pt\/tr\/new-home\/\",\"name\":\"New Home - HiLAB\",\"isPartOf\":{\"@id\":\"https:\/\/www.hilab.pt\/#website\"},\"datePublished\":\"2023-10-30T10:07:14+00:00\",\"dateModified\":\"2025-09-17T15:10:48+00:00\",\"breadcrumb\":{\"@id\":\"https:\/\/www.hilab.pt\/tr\/new-home\/#breadcrumb\"},\"inLanguage\":\"tr\",\"potentialAction\":[{\"@type\":\"ReadAction\",\"target\":[\"https:\/\/www.hilab.pt\/tr\/new-home\/\"]}]},{\"@type\":\"BreadcrumbList\",\"@id\":\"https:\/\/www.hilab.pt\/tr\/new-home\/#breadcrumb\",\"itemListElement\":[{\"@type\":\"ListItem\",\"position\":1,\"name\":\"Home\",\"item\":\"https:\/\/www.hilab.pt\/tr\/new-home\/\"},{\"@type\":\"ListItem\",\"position\":2,\"name\":\"New Home\"}]},{\"@type\":\"WebSite\",\"@id\":\"https:\/\/www.hilab.pt\/#website\",\"url\":\"https:\/\/www.hilab.pt\/\",\"name\":\"HiLAB\",\"description\":\"Test Equipments and Consulting Service\",\"publisher\":{\"@id\":\"https:\/\/www.hilab.pt\/#organization\"},\"potentialAction\":[{\"@type\":\"SearchAction\",\"target\":{\"@type\":\"EntryPoint\",\"urlTemplate\":\"https:\/\/www.hilab.pt\/?s={search_term_string}\"},\"query-input\":\"required name=search_term_string\"}],\"inLanguage\":\"tr\"},{\"@type\":\"Organization\",\"@id\":\"https:\/\/www.hilab.pt\/#organization\",\"name\":\"HiLAB - esting equipments for leather, footwear, gloves and protective clothing\",\"url\":\"https:\/\/www.hilab.pt\/\",\"logo\":{\"@type\":\"ImageObject\",\"inLanguage\":\"tr\",\"@id\":\"https:\/\/www.hilab.pt\/#\/schema\/logo\/image\/\",\"url\":\"https:\/\/www.hilab.pt\/wp-content\/uploads\/2023\/03\/HILAB-LOGO.svg\",\"contentUrl\":\"https:\/\/www.hilab.pt\/wp-content\/uploads\/2023\/03\/HILAB-LOGO.svg\",\"width\":100,\"height\":100,\"caption\":\"HiLAB - esting equipments for leather, footwear, gloves and protective clothing\"},\"image\":{\"@id\":\"https:\/\/www.hilab.pt\/#\/schema\/logo\/image\/\"}}]}<\/script>\n<!-- \/ Yoast SEO plugin. -->","yoast_head_json":{"title":"New Home - HiLAB","robots":{"index":"index","follow":"follow","max-snippet":"max-snippet:-1","max-image-preview":"max-image-preview:large","max-video-preview":"max-video-preview:-1"},"canonical":"https:\/\/www.hilab.pt\/tr\/new-home\/","og_locale":"tr_TR","og_type":"article","og_title":"New Home - HiLAB","og_url":"https:\/\/www.hilab.pt\/tr\/new-home\/","og_site_name":"HiLAB","article_modified_time":"2025-09-17T15:10:48+00:00","og_image":[{"url":"https:\/\/www.hilab.pt\/wp-content\/uploads\/2025\/09\/H034.png"}],"twitter_card":"summary_large_image","twitter_misc":{"Tahmini okuma s\u00fcresi":"6 dakika"},"schema":{"@context":"https:\/\/schema.org","@graph":[{"@type":"WebPage","@id":"https:\/\/www.hilab.pt\/tr\/new-home\/","url":"https:\/\/www.hilab.pt\/tr\/new-home\/","name":"New Home - HiLAB","isPartOf":{"@id":"https:\/\/www.hilab.pt\/#website"},"datePublished":"2023-10-30T10:07:14+00:00","dateModified":"2025-09-17T15:10:48+00:00","breadcrumb":{"@id":"https:\/\/www.hilab.pt\/tr\/new-home\/#breadcrumb"},"inLanguage":"tr","potentialAction":[{"@type":"ReadAction","target":["https:\/\/www.hilab.pt\/tr\/new-home\/"]}]},{"@type":"BreadcrumbList","@id":"https:\/\/www.hilab.pt\/tr\/new-home\/#breadcrumb","itemListElement":[{"@type":"ListItem","position":1,"name":"Home","item":"https:\/\/www.hilab.pt\/tr\/new-home\/"},{"@type":"ListItem","position":2,"name":"New Home"}]},{"@type":"WebSite","@id":"https:\/\/www.hilab.pt\/#website","url":"https:\/\/www.hilab.pt\/","name":"HiLAB","description":"Test Equipments and Consulting Service","publisher":{"@id":"https:\/\/www.hilab.pt\/#organization"},"potentialAction":[{"@type":"SearchAction","target":{"@type":"EntryPoint","urlTemplate":"https:\/\/www.hilab.pt\/?s={search_term_string}"},"query-input":"required name=search_term_string"}],"inLanguage":"tr"},{"@type":"Organization","@id":"https:\/\/www.hilab.pt\/#organization","name":"HiLAB - esting equipments for leather, footwear, gloves and protective clothing","url":"https:\/\/www.hilab.pt\/","logo":{"@type":"ImageObject","inLanguage":"tr","@id":"https:\/\/www.hilab.pt\/#\/schema\/logo\/image\/","url":"https:\/\/www.hilab.pt\/wp-content\/uploads\/2023\/03\/HILAB-LOGO.svg","contentUrl":"https:\/\/www.hilab.pt\/wp-content\/uploads\/2023\/03\/HILAB-LOGO.svg","width":100,"height":100,"caption":"HiLAB - esting equipments for leather, footwear, gloves and protective clothing"},"image":{"@id":"https:\/\/www.hilab.pt\/#\/schema\/logo\/image\/"}}]}},"_links":{"self":[{"href":"https:\/\/www.hilab.pt\/tr\/wp-json\/wp\/v2\/pages\/1713"}],"collection":[{"href":"https:\/\/www.hilab.pt\/tr\/wp-json\/wp\/v2\/pages"}],"about":[{"href":"https:\/\/www.hilab.pt\/tr\/wp-json\/wp\/v2\/types\/page"}],"author":[{"embeddable":true,"href":"https:\/\/www.hilab.pt\/tr\/wp-json\/wp\/v2\/users\/1"}],"replies":[{"embeddable":true,"href":"https:\/\/www.hilab.pt\/tr\/wp-json\/wp\/v2\/comments?post=1713"}],"version-history":[{"count":16,"href":"https:\/\/www.hilab.pt\/tr\/wp-json\/wp\/v2\/pages\/1713\/revisions"}],"predecessor-version":[{"id":2077,"href":"https:\/\/www.hilab.pt\/tr\/wp-json\/wp\/v2\/pages\/1713\/revisions\/2077"}],"wp:attachment":[{"href":"https:\/\/www.hilab.pt\/tr\/wp-json\/wp\/v2\/media?parent=1713"}],"curies":[{"name":"wp","href":"https:\/\/api.w.org\/{rel}","templated":true}]}}