{"id":365,"date":"2023-04-05T11:58:08","date_gmt":"2023-04-05T11:58:08","guid":{"rendered":"http:\/\/www.hilab.pt\/urunler\/"},"modified":"2023-06-05T16:30:31","modified_gmt":"2023-06-05T16:30:31","slug":"urunler","status":"publish","type":"page","link":"https:\/\/www.hilab.pt\/tr\/urunler\/","title":{"rendered":"\u00dcr\u00fcnler"},"content":{"rendered":"\n<style type=\"text\/css\" data-created_by=\"avia_inline_auto\" id=\"style-css-av-56zkjs-1046e95a5ad5be906b6f846501c6d192\">\n.avia-section.av-56zkjs-1046e95a5ad5be906b6f846501c6d192{\nbackground-color:#ededed;\nbackground-image:unset;\n}\n<\/style>\n<div id='av_section_1'  class='avia-section av-56zkjs-1046e95a5ad5be906b6f846501c6d192 main_color avia-section-default avia-no-border-styling  avia-builder-el-0  avia-builder-el-no-sibling  avia-bg-style-scroll container_wrap fullsize'  ><div class='container av-section-cont-open' ><main  role=\"main\" itemprop=\"mainContentOfPage\"  class='template-page content  av-content-full alpha units'><div class='post-entry post-entry-type-page post-entry-365'><div class='entry-content-wrapper clearfix'>\n<div class='flex_column_table av-118h2o-fa8c3c16df42710c1273a87ecdf6e71d sc-av_one_third av-equal-height-column-flextable'>\n<style type=\"text\/css\" data-created_by=\"avia_inline_auto\" id=\"style-css-av-118h2o-fa8c3c16df42710c1273a87ecdf6e71d\">\n.flex_column.av-118h2o-fa8c3c16df42710c1273a87ecdf6e71d{\nwidth:33%;\nmargin-left:0;\nborder-width:2px;\nborder-color:#ff3d3d;\nborder-style:solid;\n-webkit-border-radius:20px 20px 20px 20px;\n-moz-border-radius:20px 20px 20px 20px;\nborder-radius:20px 20px 20px 20px;\npadding:2% 2% 2% 2%;\nbackground-color:#ededed;\nbackground:linear-gradient( to bottom, #ededed, #ffffff );\n}\n#top .flex_column_table.av-equal-height-column-flextable.av-118h2o-fa8c3c16df42710c1273a87ecdf6e71d .av-flex-placeholder{\nwidth:0.5%;\n}\n<\/style>\n<div class='flex_column av-118h2o-fa8c3c16df42710c1273a87ecdf6e71d av_one_third  avia-builder-el-1  el_before_av_two_third  avia-builder-el-first  first flex_column_table_cell av-equal-height-column av-align-top '     ><p>\n<style type=\"text\/css\" data-created_by=\"avia_inline_auto\" id=\"style-css-av-eph34-33991dea85bf7731311694c8fcbfc5f3\">\n.avia-image-container.av-eph34-33991dea85bf7731311694c8fcbfc5f3{\nz-index:6;\n}\n.avia-image-container.av-eph34-33991dea85bf7731311694c8fcbfc5f3 img.avia_image{\nbox-shadow:none;\n}\n.avia-image-container.av-eph34-33991dea85bf7731311694c8fcbfc5f3 .av-image-caption-overlay-center{\ncolor:#ffffff;\n}\n<\/style>\n<div  class='avia-image-container av-eph34-33991dea85bf7731311694c8fcbfc5f3 av-styling- avia-align-left  avia-builder-el-2  el_before_av_hr  avia-builder-el-first  av-custom-positioned'   itemprop=\"image\" itemscope=\"itemscope\" itemtype=\"https:\/\/schema.org\/ImageObject\" ><div class=\"avia-image-container-inner\"><div class=\"avia-image-overlay-wrap\"><img decoding=\"async\" class='wp-image-381 avia-img-lazy-loading-not-381 avia_image ' src=\"https:\/\/www.hilab.pt\/wp-content\/uploads\/2023\/06\/Equipments-by-Sector-Turco.svg\" alt='' title='Equipments by Sector-Turco'  height=\"300\" width=\"300\"  itemprop=\"thumbnailUrl\"  \/><\/div><\/div><\/div><br \/>\n\n<style type=\"text\/css\" data-created_by=\"avia_inline_auto\" id=\"style-css-av-ykq8-b06fb01d932fe57f36cb703e4f595240\">\n#top .hr.hr-invisible.av-ykq8-b06fb01d932fe57f36cb703e4f595240{\nheight:20px;\n}\n<\/style>\n<div  class='hr av-ykq8-b06fb01d932fe57f36cb703e4f595240 hr-invisible  avia-builder-el-3  el_after_av_image  el_before_av_image '><span class='hr-inner '><span class=\"hr-inner-style\"><\/span><\/span><\/div><br \/>\n\n<style type=\"text\/css\" data-created_by=\"avia_inline_auto\" id=\"style-css-av-4xx15c-83bb0a287640623cee94addadac2184c\">\n.avia-image-container.av-4xx15c-83bb0a287640623cee94addadac2184c img.avia_image{\nbox-shadow:none;\n}\n.avia-image-container.av-4xx15c-83bb0a287640623cee94addadac2184c .av-image-caption-overlay-center{\ncolor:#ffffff;\n}\n<\/style>\n<div  class='avia-image-container av-4xx15c-83bb0a287640623cee94addadac2184c av-styling- avia-align-center  avia-builder-el-4  el_after_av_hr  el_before_av_image '   itemprop=\"image\" itemscope=\"itemscope\" itemtype=\"https:\/\/schema.org\/ImageObject\" ><div class=\"avia-image-container-inner\"><div class=\"avia-image-overlay-wrap\"><img decoding=\"async\" class='wp-image-385 avia-img-lazy-loading-not-385 avia_image ' src=\"https:\/\/www.hilab.pt\/wp-content\/uploads\/2023\/06\/ProductsHilab1-turco.png\" alt='' title='ProductsHilab1-turco'  height=\"1200\" width=\"900\"  itemprop=\"thumbnailUrl\" srcset=\"https:\/\/www.hilab.pt\/wp-content\/uploads\/2023\/06\/ProductsHilab1-turco.png 900w, https:\/\/www.hilab.pt\/wp-content\/uploads\/2023\/06\/ProductsHilab1-turco-225x300.png 225w, https:\/\/www.hilab.pt\/wp-content\/uploads\/2023\/06\/ProductsHilab1-turco-773x1030.png 773w, https:\/\/www.hilab.pt\/wp-content\/uploads\/2023\/06\/ProductsHilab1-turco-768x1024.png 768w, https:\/\/www.hilab.pt\/wp-content\/uploads\/2023\/06\/ProductsHilab1-turco-529x705.png 529w\" sizes=\"(max-width: 900px) 100vw, 900px\" \/><\/div><\/div><\/div><br \/>\n\n<style type=\"text\/css\" data-created_by=\"avia_inline_auto\" id=\"style-css-av-44stt4-360e9452a9e65d6008e2bc8eb3cb7a3c\">\n.avia-image-container.av-44stt4-360e9452a9e65d6008e2bc8eb3cb7a3c img.avia_image{\nbox-shadow:none;\n}\n.avia-image-container.av-44stt4-360e9452a9e65d6008e2bc8eb3cb7a3c .av-image-caption-overlay-center{\ncolor:#ffffff;\n}\n<\/style>\n<div  class='avia-image-container av-44stt4-360e9452a9e65d6008e2bc8eb3cb7a3c av-styling- avia-align-center  avia-builder-el-5  el_after_av_image  avia-builder-el-last '   itemprop=\"image\" itemscope=\"itemscope\" itemtype=\"https:\/\/schema.org\/ImageObject\" ><div class=\"avia-image-container-inner\"><div class=\"avia-image-overlay-wrap\"><img decoding=\"async\" class='wp-image-387 avia-img-lazy-loading-not-387 avia_image ' src=\"https:\/\/www.hilab.pt\/wp-content\/uploads\/2023\/06\/ProductsHilab2-turco.png\" alt='' title='ProductsHilab2-turco'  height=\"1200\" width=\"900\"  itemprop=\"thumbnailUrl\" srcset=\"https:\/\/www.hilab.pt\/wp-content\/uploads\/2023\/06\/ProductsHilab2-turco.png 900w, https:\/\/www.hilab.pt\/wp-content\/uploads\/2023\/06\/ProductsHilab2-turco-225x300.png 225w, https:\/\/www.hilab.pt\/wp-content\/uploads\/2023\/06\/ProductsHilab2-turco-773x1030.png 773w, https:\/\/www.hilab.pt\/wp-content\/uploads\/2023\/06\/ProductsHilab2-turco-768x1024.png 768w, https:\/\/www.hilab.pt\/wp-content\/uploads\/2023\/06\/ProductsHilab2-turco-529x705.png 529w\" sizes=\"(max-width: 900px) 100vw, 900px\" \/><\/div><\/div><\/div><\/p><\/div><div class='av-flex-placeholder'><\/div>\n<style type=\"text\/css\" data-created_by=\"avia_inline_auto\" id=\"style-css-av-bv34o-18a6462fa66c61d270594964c958dda4\">\n.flex_column.av-bv34o-18a6462fa66c61d270594964c958dda4{\nwidth:66.5%;\nmargin-left:0;\nborder-width:2px;\nborder-color:#ff3d3d;\nborder-style:solid;\n-webkit-border-radius:20px 20px 20px 20px;\n-moz-border-radius:20px 20px 20px 20px;\nborder-radius:20px 20px 20px 20px;\npadding:2% 2% 2% 2%;\nbackground-color:#ededed;\nbackground:linear-gradient( to bottom, #ededed, #ffffff );\n}\n#top .flex_column_table.av-equal-height-column-flextable.av-bv34o-18a6462fa66c61d270594964c958dda4 .av-flex-placeholder{\nwidth:0.5%;\n}\n<\/style>\n<div class='flex_column av-bv34o-18a6462fa66c61d270594964c958dda4 av_two_third  avia-builder-el-6  el_after_av_one_third  avia-builder-el-last  flex_column_table_cell av-equal-height-column av-align-top '     ><p>\n<style type=\"text\/css\" data-created_by=\"avia_inline_auto\" id=\"style-css-av-73u08-e87b76dc4e95d6547bd77dbe0f6e3b46\">\n.avia-image-container.av-73u08-e87b76dc4e95d6547bd77dbe0f6e3b46{\nz-index:6;\n}\n.avia-image-container.av-73u08-e87b76dc4e95d6547bd77dbe0f6e3b46 img.avia_image{\nbox-shadow:none;\n}\n.avia-image-container.av-73u08-e87b76dc4e95d6547bd77dbe0f6e3b46 .av-image-caption-overlay-center{\ncolor:#ffffff;\n}\n<\/style>\n<div  class='avia-image-container av-73u08-e87b76dc4e95d6547bd77dbe0f6e3b46 av-styling- avia-align-left  avia-builder-el-7  el_before_av_hr  avia-builder-el-first  av-custom-positioned'   itemprop=\"image\" itemscope=\"itemscope\" itemtype=\"https:\/\/schema.org\/ImageObject\" ><div class=\"avia-image-container-inner\"><div class=\"avia-image-overlay-wrap\"><img decoding=\"async\" class='wp-image-383 avia-img-lazy-loading-not-383 avia_image ' src=\"https:\/\/www.hilab.pt\/wp-content\/uploads\/2023\/06\/Equipments-List-Turco.svg\" alt='' title='Equipments List-Turco'  height=\"300\" width=\"300\"  itemprop=\"thumbnailUrl\"  \/><\/div><\/div><\/div><br \/>\n\n<style type=\"text\/css\" data-created_by=\"avia_inline_auto\" id=\"style-css-av-oke0-06783d9f9b5c26fe8859962e678ec4b2\">\n#top .hr.hr-invisible.av-oke0-06783d9f9b5c26fe8859962e678ec4b2{\nheight:20px;\n}\n<\/style>\n<div  class='hr av-oke0-06783d9f9b5c26fe8859962e678ec4b2 hr-invisible  avia-builder-el-8  el_after_av_image  el_before_av_textblock '><span class='hr-inner '><span class=\"hr-inner-style\"><\/span><\/span><\/div><br \/>\n<section  class='av_textblock_section av-lg3rjima-1042eedd9ed6dcd8f019238f8d89cbeb'  itemscope=\"itemscope\" itemtype=\"https:\/\/schema.org\/CreativeWork\" ><div class='avia_textblock'  itemprop=\"text\" ><h3>Ada veya standarda g\u00f6re bir ekipman bulmak i\u00e7in arama arac\u0131n\u0131 kullan\u0131n.<\/h3>\n<\/div><\/section><br \/>\n\n<style type=\"text\/css\" data-created_by=\"avia_inline_auto\" id=\"style-css-av-33rpiw-52e3b63a5dc363bbf895bf0773c847cc\">\n#top .hr.hr-invisible.av-33rpiw-52e3b63a5dc363bbf895bf0773c847cc{\nheight:20px;\n}\n<\/style>\n<div  class='hr av-33rpiw-52e3b63a5dc363bbf895bf0773c847cc hr-invisible  avia-builder-el-10  el_after_av_textblock  el_before_av_codeblock '><span class='hr-inner '><span class=\"hr-inner-style\"><\/span><\/span><\/div><br \/>\n<\/p><\/div><\/div><!--close column table wrapper. Autoclose: 1 -->\n","protected":false},"excerpt":{"rendered":"","protected":false},"author":1,"featured_media":0,"parent":0,"menu_order":16,"comment_status":"closed","ping_status":"closed","template":"","meta":{"inline_featured_image":false},"yoast_head":"<!-- This site is optimized with the Yoast SEO plugin v20.8 - https:\/\/yoast.com\/wordpress\/plugins\/seo\/ -->\n<title>\u00dcr\u00fcnler - HiLAB<\/title>\n<meta name=\"robots\" content=\"index, follow, max-snippet:-1, max-image-preview:large, max-video-preview:-1\" \/>\n<link rel=\"canonical\" href=\"https:\/\/www.hilab.pt\/tr\/urunler\/\" \/>\n<meta property=\"og:locale\" content=\"tr_TR\" \/>\n<meta property=\"og:type\" content=\"article\" \/>\n<meta property=\"og:title\" content=\"\u00dcr\u00fcnler - HiLAB\" \/>\n<meta property=\"og:url\" content=\"https:\/\/www.hilab.pt\/tr\/urunler\/\" \/>\n<meta property=\"og:site_name\" content=\"HiLAB\" \/>\n<meta property=\"article:modified_time\" content=\"2023-06-05T16:30:31+00:00\" \/>\n<meta name=\"twitter:card\" content=\"summary_large_image\" \/>\n<meta name=\"twitter:label1\" content=\"Tahmini okuma s\u00fcresi\" \/>\n\t<meta name=\"twitter:data1\" content=\"14 dakika\" \/>\n<script type=\"application\/ld+json\" class=\"yoast-schema-graph\">{\"@context\":\"https:\/\/schema.org\",\"@graph\":[{\"@type\":\"WebPage\",\"@id\":\"https:\/\/www.hilab.pt\/tr\/urunler\/\",\"url\":\"https:\/\/www.hilab.pt\/tr\/urunler\/\",\"name\":\"\u00dcr\u00fcnler - HiLAB\",\"isPartOf\":{\"@id\":\"https:\/\/www.hilab.pt\/#website\"},\"datePublished\":\"2023-04-05T11:58:08+00:00\",\"dateModified\":\"2023-06-05T16:30:31+00:00\",\"breadcrumb\":{\"@id\":\"https:\/\/www.hilab.pt\/tr\/urunler\/#breadcrumb\"},\"inLanguage\":\"tr\",\"potentialAction\":[{\"@type\":\"ReadAction\",\"target\":[\"https:\/\/www.hilab.pt\/tr\/urunler\/\"]}]},{\"@type\":\"BreadcrumbList\",\"@id\":\"https:\/\/www.hilab.pt\/tr\/urunler\/#breadcrumb\",\"itemListElement\":[{\"@type\":\"ListItem\",\"position\":1,\"name\":\"Home\",\"item\":\"https:\/\/www.hilab.pt\/tr\/new-home\/\"},{\"@type\":\"ListItem\",\"position\":2,\"name\":\"\u00dcr\u00fcnler\"}]},{\"@type\":\"WebSite\",\"@id\":\"https:\/\/www.hilab.pt\/#website\",\"url\":\"https:\/\/www.hilab.pt\/\",\"name\":\"HiLAB\",\"description\":\"Test Equipments and Consulting Service\",\"publisher\":{\"@id\":\"https:\/\/www.hilab.pt\/#organization\"},\"potentialAction\":[{\"@type\":\"SearchAction\",\"target\":{\"@type\":\"EntryPoint\",\"urlTemplate\":\"https:\/\/www.hilab.pt\/?s={search_term_string}\"},\"query-input\":\"required name=search_term_string\"}],\"inLanguage\":\"tr\"},{\"@type\":\"Organization\",\"@id\":\"https:\/\/www.hilab.pt\/#organization\",\"name\":\"HiLAB - esting equipments for leather, footwear, gloves and protective clothing\",\"url\":\"https:\/\/www.hilab.pt\/\",\"logo\":{\"@type\":\"ImageObject\",\"inLanguage\":\"tr\",\"@id\":\"https:\/\/www.hilab.pt\/#\/schema\/logo\/image\/\",\"url\":\"https:\/\/www.hilab.pt\/wp-content\/uploads\/2023\/03\/HILAB-LOGO.svg\",\"contentUrl\":\"https:\/\/www.hilab.pt\/wp-content\/uploads\/2023\/03\/HILAB-LOGO.svg\",\"width\":100,\"height\":100,\"caption\":\"HiLAB - esting equipments for leather, footwear, gloves and protective clothing\"},\"image\":{\"@id\":\"https:\/\/www.hilab.pt\/#\/schema\/logo\/image\/\"}}]}<\/script>\n<!-- \/ Yoast SEO plugin. -->","yoast_head_json":{"title":"\u00dcr\u00fcnler - HiLAB","robots":{"index":"index","follow":"follow","max-snippet":"max-snippet:-1","max-image-preview":"max-image-preview:large","max-video-preview":"max-video-preview:-1"},"canonical":"https:\/\/www.hilab.pt\/tr\/urunler\/","og_locale":"tr_TR","og_type":"article","og_title":"\u00dcr\u00fcnler - HiLAB","og_url":"https:\/\/www.hilab.pt\/tr\/urunler\/","og_site_name":"HiLAB","article_modified_time":"2023-06-05T16:30:31+00:00","twitter_card":"summary_large_image","twitter_misc":{"Tahmini okuma s\u00fcresi":"14 dakika"},"schema":{"@context":"https:\/\/schema.org","@graph":[{"@type":"WebPage","@id":"https:\/\/www.hilab.pt\/tr\/urunler\/","url":"https:\/\/www.hilab.pt\/tr\/urunler\/","name":"\u00dcr\u00fcnler - HiLAB","isPartOf":{"@id":"https:\/\/www.hilab.pt\/#website"},"datePublished":"2023-04-05T11:58:08+00:00","dateModified":"2023-06-05T16:30:31+00:00","breadcrumb":{"@id":"https:\/\/www.hilab.pt\/tr\/urunler\/#breadcrumb"},"inLanguage":"tr","potentialAction":[{"@type":"ReadAction","target":["https:\/\/www.hilab.pt\/tr\/urunler\/"]}]},{"@type":"BreadcrumbList","@id":"https:\/\/www.hilab.pt\/tr\/urunler\/#breadcrumb","itemListElement":[{"@type":"ListItem","position":1,"name":"Home","item":"https:\/\/www.hilab.pt\/tr\/new-home\/"},{"@type":"ListItem","position":2,"name":"\u00dcr\u00fcnler"}]},{"@type":"WebSite","@id":"https:\/\/www.hilab.pt\/#website","url":"https:\/\/www.hilab.pt\/","name":"HiLAB","description":"Test Equipments and Consulting Service","publisher":{"@id":"https:\/\/www.hilab.pt\/#organization"},"potentialAction":[{"@type":"SearchAction","target":{"@type":"EntryPoint","urlTemplate":"https:\/\/www.hilab.pt\/?s={search_term_string}"},"query-input":"required name=search_term_string"}],"inLanguage":"tr"},{"@type":"Organization","@id":"https:\/\/www.hilab.pt\/#organization","name":"HiLAB - esting equipments for leather, footwear, gloves and protective clothing","url":"https:\/\/www.hilab.pt\/","logo":{"@type":"ImageObject","inLanguage":"tr","@id":"https:\/\/www.hilab.pt\/#\/schema\/logo\/image\/","url":"https:\/\/www.hilab.pt\/wp-content\/uploads\/2023\/03\/HILAB-LOGO.svg","contentUrl":"https:\/\/www.hilab.pt\/wp-content\/uploads\/2023\/03\/HILAB-LOGO.svg","width":100,"height":100,"caption":"HiLAB - esting equipments for leather, footwear, gloves and protective clothing"},"image":{"@id":"https:\/\/www.hilab.pt\/#\/schema\/logo\/image\/"}}]}},"_links":{"self":[{"href":"https:\/\/www.hilab.pt\/tr\/wp-json\/wp\/v2\/pages\/365"}],"collection":[{"href":"https:\/\/www.hilab.pt\/tr\/wp-json\/wp\/v2\/pages"}],"about":[{"href":"https:\/\/www.hilab.pt\/tr\/wp-json\/wp\/v2\/types\/page"}],"author":[{"embeddable":true,"href":"https:\/\/www.hilab.pt\/tr\/wp-json\/wp\/v2\/users\/1"}],"replies":[{"embeddable":true,"href":"https:\/\/www.hilab.pt\/tr\/wp-json\/wp\/v2\/comments?post=365"}],"version-history":[{"count":4,"href":"https:\/\/www.hilab.pt\/tr\/wp-json\/wp\/v2\/pages\/365\/revisions"}],"predecessor-version":[{"id":390,"href":"https:\/\/www.hilab.pt\/tr\/wp-json\/wp\/v2\/pages\/365\/revisions\/390"}],"wp:attachment":[{"href":"https:\/\/www.hilab.pt\/tr\/wp-json\/wp\/v2\/media?parent=365"}],"curies":[{"name":"wp","href":"https:\/\/api.w.org\/{rel}","templated":true}]}}